{"id":15,"date":"2015-07-24T08:50:03","date_gmt":"2015-07-24T06:50:03","guid":{"rendered":"http:\/\/biancalitscher.ch.puls.ch-meta.net\/wp\/?page_id=15"},"modified":"2023-08-23T11:23:03","modified_gmt":"2023-08-23T09:23:03","slug":"impressum","status":"publish","type":"page","link":"https:\/\/www.biancalitscher.ch\/keramik\/impressum\/","title":{"rendered":"Impressum"},"content":{"rendered":"<p><strong>Kontaktadresse<\/strong><br \/>\nBianca Litscher<br \/>\nMaihofstrasse 101<br \/>\nCH-6006 Luzern<br \/>\nM +41 76 340 81 59<\/p>\n<p><strong>Haftungsausschluss<\/strong><br \/>\nDer Autor \u00fcbernimmt keinerlei Gew\u00e4hr hinsichtlich der inhaltlichen Richtigkeit, Genauigkeit, Aktualit\u00e4t, Zuverl\u00e4ssigkeit und Vollst\u00e4ndigkeit der Informationen.<\/p>\n<p>Haftungsanspr\u00fcche gegen den Autor wegen Sch\u00e4den materieller oder immaterieller Art, welche aus dem Zugriff oder der Nutzung bzw. Nichtnutzung der ver\u00f6ffentlichten Informationen, durch Missbrauch der Verbindung oder durch technische St\u00f6rungen entstanden sind, werden ausgeschlossen.<\/p>\n<p>Alle Angebote sind unverbindlich. Der Autor beh\u00e4lt es sich ausdr\u00fccklich vor, Teile der Seiten oder das gesamte Angebot ohne gesonderte Ank\u00fcndigung zu ver\u00e4ndern, zu erg\u00e4nzen, zu l\u00f6schen oder die Ver\u00f6ffentlichung zeitweise oder endg\u00fcltig einzustellen.<\/p>\n<p><strong>Haftung f\u00fcr Links<\/strong><br \/>\nVerweise und Links auf Webseiten Dritter liegen ausserhalb unseres Verantwortungsbereichs. Es wird jegliche Verantwortung f\u00fcr solche Webseiten abgelehnt. Der Zugriff und die Nutzung solcher Webseiten erfolgen auf eigene Gefahr des Nutzers oder der Nutzerin.<\/p>\n<p><strong>Urheberrechte<\/strong><br \/>\nDie Urheber- und alle anderen Rechte an Inhalten, Bildern, Fotos oder anderen Dateien auf der Website geh\u00f6ren ausschliesslich Bianca Litscher oder den speziell genannten Rechtsinhabern. F\u00fcr die Reproduktion jeglicher Elemente ist die schriftliche Zustimmung der Urheberrechtstr\u00e4ger im Voraus einzuholen.<\/p>\n<p><strong>Design, Layout und Fotografie<\/strong><br \/>\nB\u00fcro Nord GmbH<br \/>\nGsteigstrasse 14<br \/>\n6403 K\u00fcssnacht am Rigi<br \/>\n<a href=\"http:\/\/www.buronord.ch\" target=\"_blank\" rel=\"noopener\">www.buronord.ch<\/a><\/p>\n<p><strong>Programmierung<\/strong><br \/>\nRHOdesign<br \/>\nRoman Hospenthal<br \/>\nGsteigstrasse 14<br \/>\n6403 K\u00fcssnacht am Rigi<br \/>\n<a href=\"http:\/\/www.rhodesign.ch\" target=\"_blank\" rel=\"noopener\">www.rhodesign.ch<\/a><\/p>\n","protected":false},"excerpt":{"rendered":"<p>Kontaktadresse<br \/>\nBianca Litscher<br \/>\nMaihofstrasse 101<br \/>\nCH-6006 Luzern<br \/>\nM +41 76 340 81 59<br \/>\nHaftungsausschluss<br \/>\nDer Autor \u00fcbernimmt keinerlei Gew\u00e4hr hinsichtlich der inhaltlichen Richtigkeit, Genauigkeit, Aktualit\u00e4t, Zuverl\u00e4ssigkeit &#8230;<\/p>\n","protected":false},"author":4,"featured_media":0,"parent":0,"menu_order":6,"comment_status":"open","ping_status":"open","template":"","meta":[],"_links":{"self":[{"href":"https:\/\/www.biancalitscher.ch\/keramik\/wp-json\/wp\/v2\/pages\/15"}],"collection":[{"href":"https:\/\/www.biancalitscher.ch\/keramik\/wp-json\/wp\/v2\/pages"}],"about":[{"href":"https:\/\/www.biancalitscher.ch\/keramik\/wp-json\/wp\/v2\/types\/page"}],"author":[{"embeddable":true,"href":"https:\/\/www.biancalitscher.ch\/keramik\/wp-json\/wp\/v2\/users\/4"}],"replies":[{"embeddable":true,"href":"https:\/\/www.biancalitscher.ch\/keramik\/wp-json\/wp\/v2\/comments?post=15"}],"version-history":[{"count":1,"href":"https:\/\/www.biancalitscher.ch\/keramik\/wp-json\/wp\/v2\/pages\/15\/revisions"}],"predecessor-version":[{"id":335,"href":"https:\/\/www.biancalitscher.ch\/keramik\/wp-json\/wp\/v2\/pages\/15\/revisions\/335"}],"wp:attachment":[{"href":"https:\/\/www.biancalitscher.ch\/keramik\/wp-json\/wp\/v2\/media?parent=15"}],"curies":[{"name":"wp","href":"https:\/\/api.w.org\/{rel}","templated":true}]}}