{"id":11,"date":"2015-07-24T08:49:40","date_gmt":"2015-07-24T06:49:40","guid":{"rendered":"http:\/\/biancalitscher.ch.puls.ch-meta.net\/wp\/?page_id=11"},"modified":"2023-08-23T11:23:03","modified_gmt":"2023-08-23T09:23:03","slug":"about","status":"publish","type":"page","link":"https:\/\/www.biancalitscher.ch\/keramik\/about\/","title":{"rendered":"About"},"content":{"rendered":"<div class=\"span6 spalte\">\n<p>Bianca Litscher lebt und arbeitet in Luzern (Schweiz) und ist hauptberuflich Illustratorin. Die hier ausgew\u00e4hlten Werke zeigen ihre pers\u00f6nlichen Interessen und freien Arbeiten.<\/p>\n<p>Bei den Keramiken steht der k\u00fcnstlerische Aspekt im Vordergrund. Es ist ihr Interesse am Material, der Formgebung und der Oberfl\u00e4chengestaltung. Die Freude und Freiheit seine Sinne zu nutzen, um bewusst zugleich etwas N\u00fctzliches als auch Sch\u00f6nes zu erschaffen. Inspiration erh\u00e4lt sie durch aufmerksames Beobachten des nat\u00fcrlichen Umfelds.<\/p>\n<p>Alle aus Steingutton und Porzellan handgefertigen Keramiken sind Einzelst\u00fccke.<\/p>\n<p>&#8212;<\/p>\n<p>Bianca Litscher lives in Lucerne (Switzerland) and works as an Illustrator. This site showcases her interests and personal projects.<\/p>\n<p>The focus on ceramic lies on the artistic aspect. Her interest is on the material, the modelling and design of the surface. The joy and freedom of using its senses to create something useful and beautiful at the same time. She gets inspiration through conscious observation of her natural surroundings.<\/p>\n<p>Each piece of earthenware and porcelain is handmade and unique.<\/p>\n<\/div>\n<div class=\"span2 spalte\">&nbsp;<\/div>\n<div class=\"span4 spalte last\">\n<img decoding=\"async\" loading=\"lazy\" src=\"http:\/\/www.biancalitscher.ch\/wp\/wp-content\/uploads\/2015\/07\/Bianca_Litscher_Portrait_690x1000-690x1100.jpg\" alt=\"Bianca_Litscher_Portrait_690x1000\" width=\"690\" height=\"1100\" class=\"alignnone size-blog wp-image-111\" srcset=\"https:\/\/www.biancalitscher.ch\/keramik\/wp-content\/uploads\/2015\/07\/Bianca_Litscher_Portrait_690x1000.jpg 690w, https:\/\/www.biancalitscher.ch\/keramik\/wp-content\/uploads\/2015\/07\/Bianca_Litscher_Portrait_690x1000-188x300.jpg 188w, https:\/\/www.biancalitscher.ch\/keramik\/wp-content\/uploads\/2015\/07\/Bianca_Litscher_Portrait_690x1000-642x1024.jpg 642w\" sizes=\"(max-width: 690px) 100vw, 690px\" \/><br \/>\n<\/div><div class=\"clearfix\"><\/div>\n","protected":false},"excerpt":{"rendered":"<p>Bianca Litscher lebt und arbeitet in Luzern (Schweiz) und ist hauptberuflich Illustratorin. Die hier ausgew\u00e4hlten Werke zeigen ihre pers\u00f6nlichen Interessen &#8230;<\/p>\n","protected":false},"author":4,"featured_media":102,"parent":0,"menu_order":2,"comment_status":"open","ping_status":"closed","template":"","meta":[],"_links":{"self":[{"href":"https:\/\/www.biancalitscher.ch\/keramik\/wp-json\/wp\/v2\/pages\/11"}],"collection":[{"href":"https:\/\/www.biancalitscher.ch\/keramik\/wp-json\/wp\/v2\/pages"}],"about":[{"href":"https:\/\/www.biancalitscher.ch\/keramik\/wp-json\/wp\/v2\/types\/page"}],"author":[{"embeddable":true,"href":"https:\/\/www.biancalitscher.ch\/keramik\/wp-json\/wp\/v2\/users\/4"}],"replies":[{"embeddable":true,"href":"https:\/\/www.biancalitscher.ch\/keramik\/wp-json\/wp\/v2\/comments?post=11"}],"version-history":[{"count":0,"href":"https:\/\/www.biancalitscher.ch\/keramik\/wp-json\/wp\/v2\/pages\/11\/revisions"}],"wp:featuredmedia":[{"embeddable":true,"href":"https:\/\/www.biancalitscher.ch\/keramik\/wp-json\/wp\/v2\/media\/102"}],"wp:attachment":[{"href":"https:\/\/www.biancalitscher.ch\/keramik\/wp-json\/wp\/v2\/media?parent=11"}],"curies":[{"name":"wp","href":"https:\/\/api.w.org\/{rel}","templated":true}]}}